{"id":2,"date":"2014-02-10T15:54:18","date_gmt":"2014-02-10T15:54:18","guid":{"rendered":"http:\/\/obecheralec.cz\/?page_id=2"},"modified":"2022-10-30T18:39:13","modified_gmt":"2022-10-30T17:39:13","slug":"zkusebni-stranka","status":"publish","type":"page","link":"https:\/\/www.vortova.cz\/?page_id=2","title":{"rendered":"O na\u0161\u00ed obci"},"content":{"rendered":"<p>Obec Vortov\u00e1 se nal\u00e9z\u00e1 8 km na jih od Hlinska v \u010cech\u00e1ch, na silnici spojuj\u00edc\u00ed Hlinsko a Her\u00e1lec. Le\u017e\u00ed v malebn\u00e9m \u00fadol\u00ed vortovsk\u00e9ho potoka, obklopena ze v\u0161ech stran hlubok\u00fdmi lesy v nadmo\u0159sk\u00e9 v\u00fd\u0161ce 612 metr\u016f.\u00a0 \u00a0V bl\u00edzkosti obce jsou t\u0159i rybn\u00edky se jm\u00e9ny Zl\u00e1manec, N\u00e1vesn\u00edk a Utopenec. K obci Vortov\u00e1 pat\u0159\u00ed t\u00e9\u017e osada Lhoty, nal\u00e9zaj\u00edc\u00ed se v\u00fdchodn\u011bji na kopci v nadmo\u0159sk\u00e9 v\u00fd\u0161ce 667 m.<\/p>\n<p>V m\u00edstn\u00edm lidov\u00e9m pod\u00e1n\u00ed se traduje odvozovat n\u00e1zev obce Vortov\u00e1 od n\u011bmeck\u00e9ho \u201eWarte\u201c, znamenaj\u00edc\u00ed str\u00e1\u017en\u00ed v\u011b\u017e nebo hl\u00e1sku. Sv\u00e1d\u00ed k tomu poloha obce na \u010desko-moravsk\u00e9m pomez\u00ed a v neposledn\u00ed \u0159ad\u011b i psan\u00e1 podoba n\u00e1zvu v 18. a 19. stolet\u00ed \u201eWortow\u00e1\u201c.<\/p>\n<p>Star\u0161\u00ed podoba n\u00e1zvu obce je \u201eOrtov\u00e1\u201c. Tato podoba je odvozov\u00e1na od p\u0159\u00edjmen\u00ed \u201eOrt\u201c, jeho\u017e v\u00fdznam je \u0161\u00eddlo, \u0161pi\u010dka nebo hrot. V p\u0159enesen\u00e9m v\u00fdznamu to m\u016f\u017ee znamenat vyj\u00e1d\u0159en\u00ed polohy obce \u201ena kraji panstv\u00ed, na konci, na \u0161pi\u010dce zem\u011b \u010cesk\u00e9\u201c.<\/p>\n<p>Nejstar\u0161\u00ed prameny v\u0161ak uv\u00e1d\u011bj\u00ed, \u017ee Vortovou zalo\u017eil mnich z kl\u00e1\u0161tera v Podla\u017eic\u00edch, a proto tak\u00e9 odvozuj\u00ed n\u00e1zev obce z latinsk\u00e9ho v\u00fdrazu \u201eORTOS\u201c, ozna\u010duj\u00edc\u00ed mnicha, kter\u00fd se postil v hor\u00e1ch.<\/p>\n<p>Jako v\u0161echny men\u0161\u00ed obce postihlo i Vortovou postupn\u00e9 vylid\u0148ov\u00e1n\u00ed, kter\u00e9 za\u010dalo po v\u00e1lce st\u011bhov\u00e1n\u00edm lid\u00ed do pohrani\u010d\u00ed. Po n\u00e1siln\u00e9 kolektivizaci zem\u011bd\u011blstv\u00ed a zru\u0161en\u00ed v\u0161ech soukrom\u00fdch \u017eivnost\u00ed minul\u00fdm re\u017eimem, pokra\u010dovalo odchodem v\u011bt\u0161iny mlad\u00fdch lid\u00ed za prac\u00ed a bydlen\u00edm do m\u011bst. V sou\u010dasn\u00e9 dob\u011b m\u00e1 obec Vortov\u00e1 pouze 232 obyvatel. Z toho je 23 d\u011bt\u00ed do 15 let, 152 dosp\u011bl\u00fdch v produktivn\u00edm v\u011bku a 56 d\u016fchodc\u016f. Pr\u016fm\u011brn\u00fd v\u011bk obyvatel obce je 42 let. Dom\u016f v obci je celkem 125, z toho 47 neobydlen\u00fdch, slou\u017e\u00edc\u00edch v\u011bt\u0161inou jako rekrea\u010dn\u00ed chalupy a chaty. (Aktualizov\u00e1no v roce 2020)<\/p>\n<p>P\u0159es velk\u00fd \u00fabytek obyvatel a r\u016fst po\u010dtu pr\u00e1zdn\u00fdch dom\u016f si obec Vortov\u00e1 udr\u017eela samostatnost a vlastn\u00ed samospr\u00e1vu. I kdy\u017e se v\u011bt\u0161ina lid\u00ed v t\u00e9to nelehk\u00e9 dob\u011b chov\u00e1 stroze ekonomicky, najde se je\u0161t\u011b n\u011bkolik ob\u011btav\u00fdch lid\u00ed, kte\u0159\u00ed jsou ochotni ud\u011blat n\u011bco nav\u00edc pro udr\u017een\u00ed a zpest\u0159en\u00ed \u017eivota a spole\u010densk\u00e9ho d\u011bn\u00ed i na takto mal\u00e9 vesnici. Dlouholetou tradici ve Vortov\u00e9 m\u00e1 Sbor dobrovoln\u00fdch hasi\u010d\u016f, kter\u00fd se nemalou m\u011brou pod\u00edl\u00ed na spole\u010densk\u00e9m \u017eivot\u011b obce. Ve Vortov\u00e9 byla po dlouholet\u00e9 p\u0159est\u00e1vce op\u011bt zalo\u017eena t\u011blov\u00fdchovn\u00e1 jednota Sokol. V roce 2019 bylo obnoveno V\u00edt\u00e1n\u00ed ob\u010d\u00e1nk\u016f.<\/p>\n<p><span style=\"text-decoration: underline;\"><strong>Kulturn\u00ed d\u016fm<\/strong><\/span><br \/>\nVe\u0161ker\u00fd kulturn\u00ed a spole\u010densk\u00fd \u017eivot se odehr\u00e1v\u00e1 v kulturn\u00edm dom\u011b ve st\u0159edu obce, kter\u00fd vznikl z budovy b\u00fdval\u00e9 \u0161koly p\u0159\u00edstavbou s\u00e1lu o rozm\u011brech 14 x 16 metr\u016f. V kulturn\u00edm dom\u011b je um\u00edst\u011bno pohostinstv\u00ed, po\u0161tovn\u00ed \u00fa\u0159ad, m\u00edstn\u00ed lidov\u00e1 knihovna a m\u00e1 zde pro svou \u010dinnost vybavenou m\u00edstnost obecn\u00ed \u00fa\u0159ad, kde se kon\u00e1 V\u00edt\u00e1n\u00ed ob\u010d\u00e1nk\u016f. P\u0159\u00edslu\u0161enstv\u00ed s\u00e1lu je dob\u0159e vybaveno pro po\u0159\u00e1d\u00e1n\u00ed tane\u010dn\u00edch z\u00e1bav, svateb, slavnostn\u00edch sch\u016fz\u00ed atd.<\/p>\n<p>D\u00e1le je zde soukrom\u00e1 prodejna potravin a sm\u00ed\u0161en\u00e9ho zbo\u017e\u00ed. Pracovn\u00ed p\u0159\u00edle\u017eitosti v obci nab\u00edz\u00ed firma KOMUTEX s.r.o., kter\u00e1 provozuje v\u00fdrobu komut\u00e1tor\u016f v restituovan\u00e9m objektu b\u00fdval\u00e9 Hejdukovy tkalcovny a zam\u011bstn\u00e1v\u00e1 m\u00edstn\u00ed i p\u0159espoln\u00ed lid\u00e9. Zem\u011bd\u011blsk\u00e9 pozemky v obci m\u00e1 pronajaty \u010d\u00e1st\u00ed soukrom\u00fd zem\u011bd\u011blec p. Van\u00ed\u010dek z Chlum\u011bt\u00edna a \u010d\u00e1st\u00ed zem\u011bd\u011blsk\u00e9 dru\u017estvo Agro M\u011b\u0159\u00edn. T\u00e9m\u011b\u0159 v\u0161echny zem\u011bd\u011blsk\u00e9 pozemky byly v\u0161ak zatravn\u011bny, tak\u017ee se jedn\u00e1 sp\u00ed\u0161e o \u00fadr\u017ebu se\u010den\u00edm. Je zde tak\u00e9 truhl\u00e1rna p. Mrkvi\u010dky v b\u00fdval\u00e9 \u0160mahlov\u011b tkalcovn\u011b, truhl\u00e1rna Martina Nov\u00e1ka a Vortap. N\u011bkolik ob\u010dan\u016f provozuje osobn\u00ed nebo n\u00e1kladn\u00ed dopravu.<\/p>\n<p>V roce 2001 byla v na\u0161\u00ed obci provedena plynofikace. Ve volebn\u00edm obdob\u00ed 1998 \u2013 2002 se \u010dlenov\u00e9 zastupitelstva obce zam\u011b\u0159ili na p\u0159\u00edpravu a realizaci plynofikace obce. Po zji\u0161t\u011bn\u00ed z plyn\u00e1ren, \u017ee nejbli\u017e\u0161\u00ed mo\u017en\u00e9 m\u00edsto p\u0159ipojen\u00ed je za Hlinskem sm\u011brem na V\u00edtanov, zd\u00e1la se plynofikace obce nere\u00e1ln\u00e1. Proto zastupitelstvo vstoupilo v jedn\u00e1n\u00ed se sousedn\u00edmi obcemi Hamry a Studnice a spole\u010dn\u011b byla zhotovena studie plynofikace pro v\u0161echny t\u0159i obce. V r\u00e1mci studie se zva\u017eovaly r\u016fzn\u00e9 mo\u017enosti \u0159e\u0161en\u00ed a nakonec se jako nejv\u00fdhodn\u011bj\u0161\u00ed uk\u00e1zala varianta, p\u0159i kter\u00e9 hlavn\u00ed spole\u010dn\u00e9 veden\u00ed plynu financovaly obce spole\u010dn\u011b a potom si ka\u017ed\u00e1 obec sama financovala rozvod plynu po obci. V tomto smyslu byla tak\u00e9 vypracov\u00e1na stavebn\u00ed dokumentace a na ja\u0159e 2001 se za\u010dalo s realizac\u00ed. Pr\u00e1ce na hlavn\u00edm p\u0159\u00edvodu rychle postupovaly p\u0159es Studnice a Hamry a\u017e k Vortov\u00e9. S budov\u00e1n\u00edm rozvod\u016f po obci a samotn\u00fdch domovn\u00edch p\u0159\u00edpojk\u00e1ch za\u010dala firma ERMONT, kter\u00e1 vyhr\u00e1la v\u00fdb\u011brov\u00e9 \u0159\u00edzen\u00ed, sice a\u017e koncem l\u00e9ta, ale na v\u00e1noce se ji\u017e prvn\u00ed ob\u010dan\u00e9, kte\u0159\u00ed si realizovali plynov\u00e9 topen\u00ed, h\u0159\u00e1li bez kou\u0159\u00edc\u00edch kom\u00edn\u016f. Celkov\u00e9 n\u00e1klady na plynofikaci obce byly 3,350.000,- K\u010d a obec je uhradila \u010d\u00e1st\u00ed ze st\u00e1tn\u00ed dotace, ale hlavn\u00ed \u010d\u00e1st\u00ed z vlastn\u00edch zdroj\u016f, tak\u017ee na zbudov\u00e1n\u00ed plynofikace obec nemusela pou\u017e\u00edt \u00fav\u011br.<\/p>\n","protected":false},"excerpt":{"rendered":"<p>Obec Vortov\u00e1 se nal\u00e9z\u00e1 8 km na jih od Hlinska v \u010cech\u00e1ch, na silnici spojuj\u00edc\u00ed Hlinsko a Her\u00e1lec. Le\u017e\u00ed v malebn\u00e9m \u00fadol\u00ed vortovsk\u00e9ho potoka, obklopena ze v\u0161ech stran hlubok\u00fdmi lesy v nadmo\u0159sk\u00e9 v\u00fd\u0161ce 612 metr\u016f.\u00a0 \u00a0V bl\u00edzkosti obce jsou t\u0159i rybn\u00edky se jm\u00e9ny Zl\u00e1manec, N\u00e1vesn\u00edk a Utopenec. K obci Vortov\u00e1 pat\u0159\u00ed t\u00e9\u017e osada Lhoty, nal\u00e9zaj\u00edc\u00ed [&hellip;]<\/p>\n","protected":false},"author":1,"featured_media":0,"parent":0,"menu_order":0,"comment_status":"closed","ping_status":"closed","template":"","meta":{"footnotes":""},"class_list":["post-2","page","type-page","status-publish","hentry"],"_links":{"self":[{"href":"https:\/\/www.vortova.cz\/index.php?rest_route=\/wp\/v2\/pages\/2","targetHints":{"allow":["GET"]}}],"collection":[{"href":"https:\/\/www.vortova.cz\/index.php?rest_route=\/wp\/v2\/pages"}],"about":[{"href":"https:\/\/www.vortova.cz\/index.php?rest_route=\/wp\/v2\/types\/page"}],"author":[{"embeddable":true,"href":"https:\/\/www.vortova.cz\/index.php?rest_route=\/wp\/v2\/users\/1"}],"replies":[{"embeddable":true,"href":"https:\/\/www.vortova.cz\/index.php?rest_route=%2Fwp%2Fv2%2Fcomments&post=2"}],"version-history":[{"count":13,"href":"https:\/\/www.vortova.cz\/index.php?rest_route=\/wp\/v2\/pages\/2\/revisions"}],"predecessor-version":[{"id":9802,"href":"https:\/\/www.vortova.cz\/index.php?rest_route=\/wp\/v2\/pages\/2\/revisions\/9802"}],"wp:attachment":[{"href":"https:\/\/www.vortova.cz\/index.php?rest_route=%2Fwp%2Fv2%2Fmedia&parent=2"}],"curies":[{"name":"wp","href":"https:\/\/api.w.org\/{rel}","templated":true}]}}