{"id":216,"date":"2014-03-06T22:35:27","date_gmt":"2014-03-06T21:35:27","guid":{"rendered":"http:\/\/obecheralec.cz\/?page_id=216"},"modified":"2024-02-12T19:42:53","modified_gmt":"2024-02-12T18:42:53","slug":"lekarska-pece","status":"publish","type":"page","link":"https:\/\/www.vortova.cz\/?page_id=216","title":{"rendered":"L\u00e9ka\u0159sk\u00e1 p\u00e9\u010de"},"content":{"rendered":"<p>&nbsp;<\/p>\n<p>&nbsp;<\/p>\n","protected":false},"excerpt":{"rendered":"<p>&nbsp; &nbsp;<\/p>\n","protected":false},"author":1,"featured_media":0,"parent":0,"menu_order":0,"comment_status":"closed","ping_status":"closed","template":"","meta":{"footnotes":""},"class_list":["post-216","page","type-page","status-publish","hentry"],"_links":{"self":[{"href":"https:\/\/www.vortova.cz\/index.php?rest_route=\/wp\/v2\/pages\/216","targetHints":{"allow":["GET"]}}],"collection":[{"href":"https:\/\/www.vortova.cz\/index.php?rest_route=\/wp\/v2\/pages"}],"about":[{"href":"https:\/\/www.vortova.cz\/index.php?rest_route=\/wp\/v2\/types\/page"}],"author":[{"embeddable":true,"href":"https:\/\/www.vortova.cz\/index.php?rest_route=\/wp\/v2\/users\/1"}],"replies":[{"embeddable":true,"href":"https:\/\/www.vortova.cz\/index.php?rest_route=%2Fwp%2Fv2%2Fcomments&post=216"}],"version-history":[{"count":22,"href":"https:\/\/www.vortova.cz\/index.php?rest_route=\/wp\/v2\/pages\/216\/revisions"}],"predecessor-version":[{"id":10396,"href":"https:\/\/www.vortova.cz\/index.php?rest_route=\/wp\/v2\/pages\/216\/revisions\/10396"}],"wp:attachment":[{"href":"https:\/\/www.vortova.cz\/index.php?rest_route=%2Fwp%2Fv2%2Fmedia&parent=216"}],"curies":[{"name":"wp","href":"https:\/\/api.w.org\/{rel}","templated":true}]}}