{"id":226,"date":"2014-03-07T08:30:22","date_gmt":"2014-03-07T07:30:22","guid":{"rendered":"http:\/\/obecheralec.cz\/?page_id=226"},"modified":"2026-01-07T13:09:27","modified_gmt":"2026-01-07T12:09:27","slug":"vyhlasky-obce","status":"publish","type":"page","link":"https:\/\/www.vortova.cz\/?page_id=226","title":{"rendered":"Vyhl\u00e1\u0161ky obce Vortov\u00e1"},"content":{"rendered":"<p>&nbsp;<\/p>\n<table style=\"width: 653px; height: 242px;\">\n<tbody>\n<tr style=\"height: 48px;\">\n<td style=\"width: 576px; height: 48px;\">\n<h6>Obecn\u011b z\u00e1vazn\u00e1 vyhl\u00e1\u0161ka o m\u00edstn\u00edm poplatku ze ps\u016f<\/h6>\n<h6><a href=\"https:\/\/www.vortova.cz\/wp-content\/uploads\/2024\/02\/BRNB422005EBBCA_002289.pdf\" target=\"_blank\" rel=\"noopener\">Vyhl\u00e1\u0161ka o m\u00edstn\u00edm poplatku ze ps\u016f<\/a><\/h6>\n<h6>\u00da\u010dinnost od 1. 1. 2024<\/h6>\n<\/td>\n<td style=\"width: 61px; height: 48px;\"><\/td>\n<\/tr>\n<tr style=\"height: 125px;\">\n<td style=\"width: 576px; height: 125px;\">\n<h6>4\/2011 Obecn\u011b z\u00e1vazn\u00e1 vyhl\u00e1\u0161ka o m\u00edstn\u00edm poplatku za u\u017e\u00edv\u00e1n\u00ed ve\u0159ejn\u00e9ho prostranstv\u00ed<\/h6>\n<h6><a href=\"http:\/\/www.vortova.cz\/wp-content\/uploads\/2023\/01\/vyhlaska-2011-4.-mistni-poplatek-z-verejneho-prost..pdf\">Vyhl\u00e1\u0161ka o m\u00edstn\u00edch poplatc\u00edch z ve\u0159ejn\u00e9ho prost.<\/a><\/h6>\n<h6>\u00da\u010dinnost od 27.11.2011<\/h6>\n<\/td>\n<td style=\"width: 61px; height: 125px;\"><\/td>\n<\/tr>\n<tr style=\"height: 125px;\">\n<td style=\"width: 576px; height: 34px;\">\n<h6>Obecn\u011b z\u00e1vazn\u00e1 vyhl\u00e1\u0161ka o m\u00edstn\u00edm poplatku za obecn\u00ed syst\u00e9m odpadov\u00e9ho hospod\u00e1\u0159stv\u00ed<\/h6>\n<h6><a href=\"https:\/\/www.vortova.cz\/wp-content\/uploads\/2026\/01\/BRWA8934A4B9C8D_005915.pdf\">Vyhl\u00e1\u0161ka o m\u00edstn\u00edm poplatku za obecn\u00ed syst\u00e9m odpadov\u00e9ho hospod\u00e1\u0159stv\u00ed<\/a><\/h6>\n<h6>\u00da\u010dinnost od 1. 1. 2026<\/h6>\n<\/td>\n<td style=\"width: 61px; height: 34px;\">\n<h6><\/h6>\n<\/td>\n<\/tr>\n<tr style=\"height: 179px;\">\n<td style=\"width: 576px; height: 35px;\">\n<h6><\/h6>\n<\/td>\n<td style=\"width: 61px; height: 35px;\">\n<h6><\/h6>\n<\/td>\n<\/tr>\n<\/tbody>\n<\/table>\n<p>&nbsp;<\/p>\n<p><strong>D\u016fle\u017eit\u00e9 z\u00e1kony<\/strong><\/p>\n<p>z\u00e1k. \u010d. 106\/1999 Sb. o svobodn\u00e9m p\u0159\u00edstupu k informac\u00edm<br \/>\nz\u00e1k. \u010d. 128\/2000 Sb. o obc\u00edch<br \/>\nz\u00e1k. \u010d. 148\/1998 Sb. o utajovan\u00fdch skute\u010dnostech<br \/>\nz\u00e1k. \u010d. 256\/1992 Sb. o ochran\u011b osobn\u00edch \u00fadaj\u016f<br \/>\nz\u00e1k. \u010d. 71\/1967 Sb. o spr\u00e1vn\u00edm \u0159\u00edzen\u00ed<br \/>\nz\u00e1k. \u010d. 40\/1964 Sb. ob\u010dansk\u00fd z\u00e1kon\u00edk<br \/>\nz\u00e1k. \u010d. 513\/1991 Sb. obchodn\u00ed z\u00e1kon\u00edk<\/p>\n","protected":false},"excerpt":{"rendered":"<p>&nbsp; Obecn\u011b z\u00e1vazn\u00e1 vyhl\u00e1\u0161ka o m\u00edstn\u00edm poplatku ze ps\u016f Vyhl\u00e1\u0161ka o m\u00edstn\u00edm poplatku ze ps\u016f \u00da\u010dinnost od 1. 1. 2024 4\/2011 Obecn\u011b z\u00e1vazn\u00e1 vyhl\u00e1\u0161ka o m\u00edstn\u00edm poplatku za u\u017e\u00edv\u00e1n\u00ed ve\u0159ejn\u00e9ho prostranstv\u00ed Vyhl\u00e1\u0161ka o m\u00edstn\u00edch poplatc\u00edch z ve\u0159ejn\u00e9ho prost. \u00da\u010dinnost od 27.11.2011 Obecn\u011b z\u00e1vazn\u00e1 vyhl\u00e1\u0161ka o m\u00edstn\u00edm poplatku za obecn\u00ed syst\u00e9m odpadov\u00e9ho hospod\u00e1\u0159stv\u00ed Vyhl\u00e1\u0161ka o m\u00edstn\u00edm [&hellip;]<\/p>\n","protected":false},"author":1,"featured_media":0,"parent":0,"menu_order":0,"comment_status":"closed","ping_status":"closed","template":"","meta":{"footnotes":""},"class_list":["post-226","page","type-page","status-publish","hentry"],"_links":{"self":[{"href":"https:\/\/www.vortova.cz\/index.php?rest_route=\/wp\/v2\/pages\/226","targetHints":{"allow":["GET"]}}],"collection":[{"href":"https:\/\/www.vortova.cz\/index.php?rest_route=\/wp\/v2\/pages"}],"about":[{"href":"https:\/\/www.vortova.cz\/index.php?rest_route=\/wp\/v2\/types\/page"}],"author":[{"embeddable":true,"href":"https:\/\/www.vortova.cz\/index.php?rest_route=\/wp\/v2\/users\/1"}],"replies":[{"embeddable":true,"href":"https:\/\/www.vortova.cz\/index.php?rest_route=%2Fwp%2Fv2%2Fcomments&post=226"}],"version-history":[{"count":32,"href":"https:\/\/www.vortova.cz\/index.php?rest_route=\/wp\/v2\/pages\/226\/revisions"}],"predecessor-version":[{"id":16659,"href":"https:\/\/www.vortova.cz\/index.php?rest_route=\/wp\/v2\/pages\/226\/revisions\/16659"}],"wp:attachment":[{"href":"https:\/\/www.vortova.cz\/index.php?rest_route=%2Fwp%2Fv2%2Fmedia&parent=226"}],"curies":[{"name":"wp","href":"https:\/\/api.w.org\/{rel}","templated":true}]}}