{"id":31,"date":"2014-02-10T18:51:38","date_gmt":"2014-02-10T17:51:38","guid":{"rendered":"http:\/\/obecheralec.cz\/?page_id=31"},"modified":"2024-11-14T20:13:10","modified_gmt":"2024-11-14T19:13:10","slug":"vybory-a-komise","status":"publish","type":"page","link":"https:\/\/www.vortova.cz\/?page_id=31","title":{"rendered":"V\u00fdbory a komise"},"content":{"rendered":"<p><strong>Finan\u010dn\u00ed v\u00fdbor<\/strong><br \/>\np\u0159edseda: Petr Klas<br \/>\n\u010dlenov\u00e9: Milan \u0160\u00edrek, Ladislav \u0160mahel ml.<\/p>\n<p><strong>Kontroln\u00ed v\u00fdbor<\/strong><br \/>\np\u0159edseda: Radka Nov\u00e1kov\u00e1<br \/>\n\u010dlenov\u00e9: Petr Klas, Milan \u0160\u00edrek<\/p>\n<p><strong>Stavebn\u00ed v\u00fdbor a v\u00fdbor \u017eivotn\u00edho prost\u0159ed\u00ed<\/strong><br \/>\np\u0159edseda: Ladislav \u0160mahel ml.<br \/>\n\u010dlenov\u00e9: Lucie Kozlov\u00e1, Petr Klas<\/p>\n<p><strong>Po\u0159\u00e1dkov\u00fd v\u00fdbor<\/strong><br \/>\np\u0159edseda: Milan \u0160\u00edrek<br \/>\n\u010dlenov\u00e9: Lucie Kozlov\u00e1, Radka Nov\u00e1kov\u00e1<\/p>\n<p><strong>Soci\u00e1ln\u00ed a kulturn\u00ed v\u00fdbor<\/strong><br \/>\np\u0159edseda: Lucie Kozlov\u00e1<br \/>\n\u010dlenov\u00e9: Radka Nov\u00e1kov\u00e1, Ladislav \u0160mahel ml.<\/p>\n<p><strong>Povod\u0148ov\u00e1 komise<\/strong><br \/>\np\u0159edseda: Mgr. Mark\u00e9ta La\u0161t\u016fvkov\u00e1<br \/>\n\u010dlenov\u00e9: Josef Nov\u00e1k, Jind\u0159ich Sedl\u00e1\u010dek, Ladislav \u0160mahel ml., Ladislav \u0160mahel st., Josef J\u016fn ml., Jaroslav Meduna, Jind\u0159ich \u0160mahel<\/p>\n","protected":false},"excerpt":{"rendered":"<p>Finan\u010dn\u00ed v\u00fdbor p\u0159edseda: Petr Klas \u010dlenov\u00e9: Milan \u0160\u00edrek, Ladislav \u0160mahel ml. Kontroln\u00ed v\u00fdbor p\u0159edseda: Radka Nov\u00e1kov\u00e1 \u010dlenov\u00e9: Petr Klas, Milan \u0160\u00edrek Stavebn\u00ed v\u00fdbor a v\u00fdbor \u017eivotn\u00edho prost\u0159ed\u00ed p\u0159edseda: Ladislav \u0160mahel ml. \u010dlenov\u00e9: Lucie Kozlov\u00e1, Petr Klas Po\u0159\u00e1dkov\u00fd v\u00fdbor p\u0159edseda: Milan \u0160\u00edrek \u010dlenov\u00e9: Lucie Kozlov\u00e1, Radka Nov\u00e1kov\u00e1 Soci\u00e1ln\u00ed a kulturn\u00ed v\u00fdbor p\u0159edseda: Lucie Kozlov\u00e1 \u010dlenov\u00e9: Radka [&hellip;]<\/p>\n","protected":false},"author":1,"featured_media":0,"parent":0,"menu_order":0,"comment_status":"closed","ping_status":"closed","template":"","meta":{"footnotes":""},"class_list":["post-31","page","type-page","status-publish","hentry"],"_links":{"self":[{"href":"https:\/\/www.vortova.cz\/index.php?rest_route=\/wp\/v2\/pages\/31","targetHints":{"allow":["GET"]}}],"collection":[{"href":"https:\/\/www.vortova.cz\/index.php?rest_route=\/wp\/v2\/pages"}],"about":[{"href":"https:\/\/www.vortova.cz\/index.php?rest_route=\/wp\/v2\/types\/page"}],"author":[{"embeddable":true,"href":"https:\/\/www.vortova.cz\/index.php?rest_route=\/wp\/v2\/users\/1"}],"replies":[{"embeddable":true,"href":"https:\/\/www.vortova.cz\/index.php?rest_route=%2Fwp%2Fv2%2Fcomments&post=31"}],"version-history":[{"count":22,"href":"https:\/\/www.vortova.cz\/index.php?rest_route=\/wp\/v2\/pages\/31\/revisions"}],"predecessor-version":[{"id":10715,"href":"https:\/\/www.vortova.cz\/index.php?rest_route=\/wp\/v2\/pages\/31\/revisions\/10715"}],"wp:attachment":[{"href":"https:\/\/www.vortova.cz\/index.php?rest_route=%2Fwp%2Fv2%2Fmedia&parent=31"}],"curies":[{"name":"wp","href":"https:\/\/api.w.org\/{rel}","templated":true}]}}