{"id":422,"date":"2014-04-28T06:28:22","date_gmt":"2014-04-28T05:28:22","guid":{"rendered":"http:\/\/obecheralec.cz\/?page_id=422"},"modified":"2022-04-25T08:35:19","modified_gmt":"2022-04-25T07:35:19","slug":"webkamera","status":"publish","type":"page","link":"https:\/\/www.vortova.cz\/?page_id=422","title":{"rendered":"Webkamera"},"content":{"rendered":"<p>&nbsp;<\/p>\n<p>Webov\u00e1 kamera se nach\u00e1z\u00ed na budov\u011b kulturn\u00edho domu ve Vortov\u00e9, sn\u00edmky jsou aktualizov\u00e1ny v 5 minutov\u00fdch intervalech<\/p>\n<p><a href=\"http:\/\/data.hdcams.cz\/PK003\/picture.jpg\"><img loading=\"lazy\" decoding=\"async\" src=\"http:\/\/data.hdcams.cz\/PK003\/picture.jpg\" alt=\"Webkamera\" width=\"617\" height=\"386\" \/><\/a><\/p>\n","protected":false},"excerpt":{"rendered":"<p>&nbsp; Webov\u00e1 kamera se nach\u00e1z\u00ed na budov\u011b kulturn\u00edho domu ve Vortov\u00e9, sn\u00edmky jsou aktualizov\u00e1ny v 5 minutov\u00fdch intervalech<\/p>\n","protected":false},"author":1,"featured_media":0,"parent":0,"menu_order":0,"comment_status":"closed","ping_status":"closed","template":"","meta":{"footnotes":""},"class_list":["post-422","page","type-page","status-publish","hentry"],"_links":{"self":[{"href":"https:\/\/www.vortova.cz\/index.php?rest_route=\/wp\/v2\/pages\/422","targetHints":{"allow":["GET"]}}],"collection":[{"href":"https:\/\/www.vortova.cz\/index.php?rest_route=\/wp\/v2\/pages"}],"about":[{"href":"https:\/\/www.vortova.cz\/index.php?rest_route=\/wp\/v2\/types\/page"}],"author":[{"embeddable":true,"href":"https:\/\/www.vortova.cz\/index.php?rest_route=\/wp\/v2\/users\/1"}],"replies":[{"embeddable":true,"href":"https:\/\/www.vortova.cz\/index.php?rest_route=%2Fwp%2Fv2%2Fcomments&post=422"}],"version-history":[{"count":19,"href":"https:\/\/www.vortova.cz\/index.php?rest_route=\/wp\/v2\/pages\/422\/revisions"}],"predecessor-version":[{"id":9587,"href":"https:\/\/www.vortova.cz\/index.php?rest_route=\/wp\/v2\/pages\/422\/revisions\/9587"}],"wp:attachment":[{"href":"https:\/\/www.vortova.cz\/index.php?rest_route=%2Fwp%2Fv2%2Fmedia&parent=422"}],"curies":[{"name":"wp","href":"https:\/\/api.w.org\/{rel}","templated":true}]}}