{"id":50,"date":"2014-02-10T19:56:29","date_gmt":"2014-02-10T18:56:29","guid":{"rendered":"http:\/\/obecheralec.cz\/?page_id=50"},"modified":"2020-12-29T23:16:12","modified_gmt":"2020-12-29T22:16:12","slug":"firmy-v-obci","status":"publish","type":"page","link":"https:\/\/www.vortova.cz\/?page_id=50","title":{"rendered":"Firmy v obci"},"content":{"rendered":"<p><strong>Truhl\u00e1rna &#8211; Petr Mrkvi\u010dka<\/strong><br \/>\nVortov\u00e1 99<br \/>\n469 314 100<\/p>\n<p><strong>Truhl\u00e1\u0159stv\u00ed &#8211; Martin Nov\u00e1k<\/strong><\/p>\n<p>Vortov\u00e1 101<\/p>\n<p><strong>Vortap &#8211; <\/strong><strong>Zak\u00e1zkov\u00e1 v\u00fdroba n\u00e1bytku, kostry historick\u00fdch aut<\/strong><\/p>\n<p>Vortov\u00e1 115<\/p>\n<table class=\"df_tb \">\n<tbody>\n<tr>\n<td>tel.<\/td>\n<td>+420 469 315059<\/td>\n<\/tr>\n<tr>\n<td>mob.<\/td>\n<td>+420 774 884433<\/td>\n<\/tr>\n<\/tbody>\n<\/table>\n<table class=\"pd leftcolumnwidth rowcl padall\" data-adv=\"no\">\n<tbody>\n<tr class=\"pl\">\n<td style=\"width: 187px;\">&nbsp;<\/td>\n<td style=\"width: 447px;\">&nbsp;<\/td>\n<\/tr>\n<\/tbody>\n<\/table>\n<table class=\"pd leftcolumnwidth rowcl padall\" style=\"width: 653px;\" data-adv=\"no\">\n<tbody>\n<tr class=\"pl\">\n<td style=\"width: 9px;\">&nbsp;<\/td>\n<td style=\"width: 187px;\"><a href=\"https:\/\/rejstrik-firem.kurzy.cz\/09607455\/komutex-hydraulik-sro\/\">KOMUTEX HYDRAULIK s.r.o.<\/a><\/td>\n<td style=\"width: 447px;\">Vortov\u00e1 90, 539 61 Vortov\u00e1<\/td>\n<\/tr>\n<tr class=\"ps\">\n<td style=\"width: 9px;\">&nbsp;<\/td>\n<td style=\"width: 187px;\"><a href=\"https:\/\/rejstrik-firem.kurzy.cz\/02460459\/autobusova-doprava-vaclav-seifert-sro\/\">Autobusov\u00e1 doprava V\u00e1clav Seifert s.r.o.<\/a><\/td>\n<td style=\"width: 447px;\">Vortov\u00e1 104, 539 61 Vortov\u00e1<\/td>\n<\/tr>\n<tr class=\"pl\">\n<td style=\"width: 9px;\">&nbsp;<\/td>\n<td style=\"width: 187px;\"><a href=\"https:\/\/rejstrik-firem.kurzy.cz\/22901655\/sk-vortova\/\">SK Vortov\u00e1<\/a><\/td>\n<td style=\"width: 447px;\">Vortov\u00e1 49, 539 61 Vortov\u00e1<\/td>\n<\/tr>\n<tr class=\"ps\">\n<td style=\"width: 9px;\">&nbsp;<\/td>\n<td style=\"width: 187px;\"><a href=\"https:\/\/rejstrik-firem.kurzy.cz\/28805615\/iso-cert-sro\/\">ISO CERT s.r.o.<\/a><\/td>\n<td style=\"width: 447px;\">Vortov\u00e1 37, 539 61 Vortov\u00e1<\/td>\n<\/tr>\n<tr class=\"pl\">\n<td style=\"width: 9px;\">&nbsp;<\/td>\n<td style=\"width: 187px;\"><a href=\"https:\/\/rejstrik-firem.kurzy.cz\/28781651\/ytm-seze-sro\/\">YTM Seze s.r.o.<\/a><\/td>\n<td style=\"width: 447px;\">Vortov\u00e1 96, 539 61 Vortov\u00e1<\/td>\n<\/tr>\n<tr class=\"ps\">\n<td style=\"width: 9px;\">&nbsp;<\/td>\n<td style=\"width: 187px;\"><a href=\"https:\/\/rejstrik-firem.kurzy.cz\/27524141\/turke-cz-sro\/\">TURKE CZ s.r.o.<\/a><\/td>\n<td style=\"width: 447px;\">Vortov\u00e1 37, 539 61 Vortov\u00e1<\/td>\n<\/tr>\n<tr class=\"pl\">\n<td style=\"width: 9px;\">&nbsp;<\/td>\n<td style=\"width: 187px;\"><a href=\"https:\/\/rejstrik-firem.kurzy.cz\/27476201\/vortap-sro\/\">VorTaP s.r.o.<\/a><\/td>\n<td style=\"width: 447px;\">Vortov\u00e1 115, 539 61 Vortov\u00e1<\/td>\n<\/tr>\n<tr class=\"ps\">\n<td style=\"width: 9px;\">&nbsp;<\/td>\n<td style=\"width: 187px;\"><a href=\"https:\/\/rejstrik-firem.kurzy.cz\/70974870\/telocvicna-jednota-sokol-vortova\/\">T\u011blocvi\u010dn\u00e1 jednota Sokol Vortov\u00e1<\/a><\/td>\n<td style=\"width: 447px;\">Vortov\u00e1 116, 539 61 Vortov\u00e1<\/td>\n<\/tr>\n<tr class=\"pl\">\n<td style=\"width: 9px;\">&nbsp;<\/td>\n<td style=\"width: 187px;\"><a href=\"https:\/\/rejstrik-firem.kurzy.cz\/68249632\/sh-cms-sbor-dobrovolnych-hasicu-vortova\/\">SH \u010cMS &#8211; Sbor dobrovoln\u00fdch hasi\u010d\u016f &#8230;<\/a><\/td>\n<td style=\"width: 447px;\">Vortov\u00e1 95, 539 61 Vortov\u00e1<\/td>\n<\/tr>\n<tr class=\"ps\">\n<td style=\"width: 9px;\">&nbsp;<\/td>\n<td style=\"width: 187px;\">&nbsp;<\/td>\n<td style=\"width: 447px;\">&nbsp;<\/td>\n<\/tr>\n<tr class=\"pl\">\n<td style=\"width: 9px;\">&nbsp;<\/td>\n<td style=\"width: 187px;\">&nbsp;<\/td>\n<td style=\"width: 447px;\">&nbsp;<\/td>\n<\/tr>\n<\/tbody>\n<\/table>\n<p>&nbsp;<\/p>\n<p>&nbsp;<\/p>\n<p>&nbsp;<\/p>\n","protected":false},"excerpt":{"rendered":"<p>Truhl\u00e1rna &#8211; Petr Mrkvi\u010dka Vortov\u00e1 99 469 314 100 Truhl\u00e1\u0159stv\u00ed &#8211; Martin Nov\u00e1k Vortov\u00e1 101 Vortap &#8211; Zak\u00e1zkov\u00e1 v\u00fdroba n\u00e1bytku, kostry historick\u00fdch aut Vortov\u00e1 115 tel. +420 469 315059 mob. +420 774 884433 &nbsp; &nbsp; &nbsp; KOMUTEX HYDRAULIK s.r.o. Vortov\u00e1 90, 539 61 Vortov\u00e1 &nbsp; Autobusov\u00e1 doprava V\u00e1clav Seifert s.r.o. Vortov\u00e1 104, 539 61 Vortov\u00e1 [&hellip;]<\/p>\n","protected":false},"author":1,"featured_media":0,"parent":0,"menu_order":0,"comment_status":"closed","ping_status":"closed","template":"","meta":{"footnotes":""},"class_list":["post-50","page","type-page","status-publish","hentry"],"_links":{"self":[{"href":"https:\/\/www.vortova.cz\/index.php?rest_route=\/wp\/v2\/pages\/50","targetHints":{"allow":["GET"]}}],"collection":[{"href":"https:\/\/www.vortova.cz\/index.php?rest_route=\/wp\/v2\/pages"}],"about":[{"href":"https:\/\/www.vortova.cz\/index.php?rest_route=\/wp\/v2\/types\/page"}],"author":[{"embeddable":true,"href":"https:\/\/www.vortova.cz\/index.php?rest_route=\/wp\/v2\/users\/1"}],"replies":[{"embeddable":true,"href":"https:\/\/www.vortova.cz\/index.php?rest_route=%2Fwp%2Fv2%2Fcomments&post=50"}],"version-history":[{"count":26,"href":"https:\/\/www.vortova.cz\/index.php?rest_route=\/wp\/v2\/pages\/50\/revisions"}],"predecessor-version":[{"id":8807,"href":"https:\/\/www.vortova.cz\/index.php?rest_route=\/wp\/v2\/pages\/50\/revisions\/8807"}],"wp:attachment":[{"href":"https:\/\/www.vortova.cz\/index.php?rest_route=%2Fwp%2Fv2%2Fmedia&parent=50"}],"curies":[{"name":"wp","href":"https:\/\/api.w.org\/{rel}","templated":true}]}}