{"id":5602,"date":"2018-07-03T13:22:51","date_gmt":"2018-07-03T12:22:51","guid":{"rendered":"http:\/\/obecheralec.cz\/?page_id=5602"},"modified":"2023-12-15T10:29:17","modified_gmt":"2023-12-15T09:29:17","slug":"poverenec-obce-heralec","status":"publish","type":"page","link":"https:\/\/www.vortova.cz\/?page_id=5602","title":{"rendered":"Pov\u011b\u0159enec Obce Vortov\u00e1"},"content":{"rendered":"<p><strong>Pov\u011b\u0159enec<\/strong><\/p>\n<p>Dle na\u0159\u00edzen\u00ed mus\u00ed n\u011bkter\u00e9 pr\u00e1vnick\u00e9 osoby, org\u00e1ny ve\u0159ejn\u00e9 moci, agentury nebo jin\u00e9 subjekty zpracov\u00e1vaj\u00edc\u00ed osobn\u00ed \u00fadaje jmenovat pov\u011b\u0159ence pro ochranu osobn\u00edch \u00fadaj\u016f.<\/p>\n<p>Jedn\u00edm z\u00a0\u00fakol\u016f pov\u011b\u0159ence je poskytovat informace a poradenstv\u00ed spr\u00e1vc\u016fm, zpracovatel\u016fm a subjekt\u016fm osobn\u00edch \u00fadaj\u016f v\u00a0souvislosti s\u00a0Na\u0159\u00edzen\u00edm o ochran\u011b osobn\u00edch \u00fadaj\u016f.<\/p>\n<p>Pov\u011b\u0159encem pro n\u00e1s i V\u00e1s je:\u00a0 \u00a0 \u00a0 \u00a0 \u00a0 Ing. Petr \u0160nek<\/p>\n<p>&nbsp;<\/p>\n<p>&nbsp;<\/p>\n<p>Na obec je mo\u017en\u00e9 se v\u00a0relevantn\u00edch p\u0159\u00edpadech k uplatn\u011bn\u00ed pr\u00e1v v oblasti osobn\u00edch \u00fadaj\u016f obracet prost\u0159ednictv\u00edm datov\u00e9 schr\u00e1nky, mailem<\/p>\n","protected":false},"excerpt":{"rendered":"<p>Pov\u011b\u0159enec Dle na\u0159\u00edzen\u00ed mus\u00ed n\u011bkter\u00e9 pr\u00e1vnick\u00e9 osoby, org\u00e1ny ve\u0159ejn\u00e9 moci, agentury nebo jin\u00e9 subjekty zpracov\u00e1vaj\u00edc\u00ed osobn\u00ed \u00fadaje jmenovat pov\u011b\u0159ence pro ochranu osobn\u00edch \u00fadaj\u016f. Jedn\u00edm z\u00a0\u00fakol\u016f pov\u011b\u0159ence je poskytovat informace a poradenstv\u00ed spr\u00e1vc\u016fm, zpracovatel\u016fm a subjekt\u016fm osobn\u00edch \u00fadaj\u016f v\u00a0souvislosti s\u00a0Na\u0159\u00edzen\u00edm o ochran\u011b osobn\u00edch \u00fadaj\u016f. Pov\u011b\u0159encem pro n\u00e1s i V\u00e1s je:\u00a0 \u00a0 \u00a0 \u00a0 \u00a0 Ing. Petr [&hellip;]<\/p>\n","protected":false},"author":1,"featured_media":0,"parent":0,"menu_order":0,"comment_status":"closed","ping_status":"closed","template":"","meta":{"footnotes":""},"class_list":["post-5602","page","type-page","status-publish","hentry"],"_links":{"self":[{"href":"https:\/\/www.vortova.cz\/index.php?rest_route=\/wp\/v2\/pages\/5602","targetHints":{"allow":["GET"]}}],"collection":[{"href":"https:\/\/www.vortova.cz\/index.php?rest_route=\/wp\/v2\/pages"}],"about":[{"href":"https:\/\/www.vortova.cz\/index.php?rest_route=\/wp\/v2\/types\/page"}],"author":[{"embeddable":true,"href":"https:\/\/www.vortova.cz\/index.php?rest_route=\/wp\/v2\/users\/1"}],"replies":[{"embeddable":true,"href":"https:\/\/www.vortova.cz\/index.php?rest_route=%2Fwp%2Fv2%2Fcomments&post=5602"}],"version-history":[{"count":3,"href":"https:\/\/www.vortova.cz\/index.php?rest_route=\/wp\/v2\/pages\/5602\/revisions"}],"predecessor-version":[{"id":10320,"href":"https:\/\/www.vortova.cz\/index.php?rest_route=\/wp\/v2\/pages\/5602\/revisions\/10320"}],"wp:attachment":[{"href":"https:\/\/www.vortova.cz\/index.php?rest_route=%2Fwp%2Fv2%2Fmedia&parent=5602"}],"curies":[{"name":"wp","href":"https:\/\/api.w.org\/{rel}","templated":true}]}}