{"id":562,"date":"2014-05-12T21:12:42","date_gmt":"2014-05-12T20:12:42","guid":{"rendered":"http:\/\/obecheralec.cz\/?page_id=562"},"modified":"2020-12-29T22:33:25","modified_gmt":"2020-12-29T21:33:25","slug":"odkazy-na-www","status":"publish","type":"page","link":"https:\/\/www.vortova.cz\/?page_id=562","title":{"rendered":"Odkazy na www"},"content":{"rendered":"<p>&nbsp;<\/p>\n<p><strong>Str\u00e1nky okoln\u00edch obc\u00ed<\/strong><\/p>\n<ul>\n<li>str\u00e1nky obce Studnice: <a href=\"http:\/\/www.obecstudnice.cz\">http:\/\/www.obecstudnice.cz<\/a><\/li>\n<li>str\u00e1nky obce Hamry:&nbsp;<a href=\"https:\/\/www.hamry.cz\/\">https:\/\/www.hamry.cz\/<\/a><\/li>\n<li>str\u00e1nky obce Her\u00e1lec: <a href=\"https:\/\/www.obecheralec.cz\/?page_id=8\">https:\/\/www.obecheralec.cz\/?page_id=8<\/a><\/li>\n<li>str\u00e1nky obce Jen\u00edkov: <a href=\"http:\/\/www.obec-jenikov.cz\/\">Obec Jen\u00edkov u Hlinska (obec-jenikov.cz)<\/a><\/li>\n<li>str\u00e1nky obce Kameni\u010dky: <a href=\"http:\/\/www.obec-kamenicky.cz\/\" target=\"_blank\" rel=\"noopener\">www.obec-kamenicky.cz<\/a><\/li>\n<li>str\u00e1nky obce Svratouch: <a href=\"http:\/\/www.svratouch.cz\/\" target=\"_blank\" rel=\"noopener\">www.svratouch.cz<\/a><\/li>\n<li>str\u00e1nky obce K\u0159i\u017e\u00e1nky: <a href=\"http:\/\/www.obeckrizanky.cz\/\" target=\"_blank\" rel=\"noopener\">www.obeckrizanky.cz<\/a>&nbsp;<\/li>\n<li>str\u00e1nky obce Chlum\u011bt\u00edn: <a href=\"http:\/\/www.chlumetin.cz\/\" target=\"_blank\" rel=\"noopener\">www.chlumetin.cz<\/a>&nbsp;<\/li>\n<li>str\u00e1nky obce Cikh\u00e1j: <a href=\"http:\/\/www.cikhaj.cz\/\" target=\"_blank\" rel=\"noopener\">www.cikhaj.cz<\/a>&nbsp;<\/li>\n<li>str\u00e1nky obce Krouna: <a href=\"http:\/\/www.krouna.cz\/\" target=\"_blank\" rel=\"noopener\">www.krouna.cz<\/a><\/li>\n<li>str\u00e1nky&nbsp;m\u011bstyse Sn\u011b\u017en\u00e9: <a href=\"http:\/\/www.snezne.cz\/\" target=\"_blank\" rel=\"noopener\">www.snezne.cz<\/a>&nbsp;<\/li>\n<\/ul>\n<p><strong>Str\u00e1nky okoln\u00edch m\u011bst<\/strong><\/p>\n<ul>\n<li>str\u00e1nky m\u011bsta Hlinska: <a href=\"http:\/\/www.hlinsko.cz\/\" target=\"_blank\" rel=\"noopener\">www.hlinsko.cz<\/a><\/li>\n<li>str\u00e1nky m\u011bsta Chrudim:&nbsp;<a href=\"https:\/\/www.chrudim.eu\/mestsky-urad-chrudim\/os-10\">https:\/\/www.chrudim.eu\/mestsky-urad-chrudim\/os-10<\/a><\/li>\n<li>str\u00e1nky m\u011bsta Pardubice:&nbsp;<a href=\"https:\/\/pardubice.cz\/\">https:\/\/pardubice.cz\/<\/a><\/li>\n<li>str\u00e1nky m\u011bsta \u017d\u010f\u00e1ru nad S\u00e1zavou: <a href=\"http:\/\/www.zdarns.cz\/\" target=\"_blank\" rel=\"noopener\">www.zdarns.cz<\/a><\/li>\n<li>str\u00e1nky m\u011bsta Nov\u00e9 M\u011bsto na Morav\u011b: <a href=\"http:\/\/www.nmnm.cz\/\" target=\"_blank\" rel=\"noopener\">www.nmnm.cz<\/a><\/li>\n<li>str\u00e1nky m\u011bsta Poli\u010dka: <a href=\"http:\/\/www.policka-mesto.cz\/\" target=\"_blank\" rel=\"noopener\">www.<b>policka<\/b>&#8211;<b>mesto<\/b>.cz<\/a><\/li>\n<li>str\u00e1nky m\u011bsta Svratka: <a href=\"http:\/\/www.svratka.cz\">www.svratka.cz<\/a><\/li>\n<\/ul>\n<p>&nbsp;<\/p>\n<p>&nbsp;<\/p>\n","protected":false},"excerpt":{"rendered":"<p>&nbsp; Str\u00e1nky okoln\u00edch obc\u00ed str\u00e1nky obce Studnice: http:\/\/www.obecstudnice.cz str\u00e1nky obce Hamry:&nbsp;https:\/\/www.hamry.cz\/ str\u00e1nky obce Her\u00e1lec: https:\/\/www.obecheralec.cz\/?page_id=8 str\u00e1nky obce Jen\u00edkov: Obec Jen\u00edkov u Hlinska (obec-jenikov.cz) str\u00e1nky obce Kameni\u010dky: www.obec-kamenicky.cz str\u00e1nky obce Svratouch: www.svratouch.cz str\u00e1nky obce K\u0159i\u017e\u00e1nky: www.obeckrizanky.cz&nbsp; str\u00e1nky obce Chlum\u011bt\u00edn: www.chlumetin.cz&nbsp; str\u00e1nky obce Cikh\u00e1j: www.cikhaj.cz&nbsp; str\u00e1nky obce Krouna: www.krouna.cz str\u00e1nky&nbsp;m\u011bstyse Sn\u011b\u017en\u00e9: www.snezne.cz&nbsp; Str\u00e1nky okoln\u00edch m\u011bst str\u00e1nky m\u011bsta [&hellip;]<\/p>\n","protected":false},"author":1,"featured_media":0,"parent":0,"menu_order":0,"comment_status":"closed","ping_status":"closed","template":"","meta":{"footnotes":""},"class_list":["post-562","page","type-page","status-publish","hentry"],"_links":{"self":[{"href":"https:\/\/www.vortova.cz\/index.php?rest_route=\/wp\/v2\/pages\/562","targetHints":{"allow":["GET"]}}],"collection":[{"href":"https:\/\/www.vortova.cz\/index.php?rest_route=\/wp\/v2\/pages"}],"about":[{"href":"https:\/\/www.vortova.cz\/index.php?rest_route=\/wp\/v2\/types\/page"}],"author":[{"embeddable":true,"href":"https:\/\/www.vortova.cz\/index.php?rest_route=\/wp\/v2\/users\/1"}],"replies":[{"embeddable":true,"href":"https:\/\/www.vortova.cz\/index.php?rest_route=%2Fwp%2Fv2%2Fcomments&post=562"}],"version-history":[{"count":4,"href":"https:\/\/www.vortova.cz\/index.php?rest_route=\/wp\/v2\/pages\/562\/revisions"}],"predecessor-version":[{"id":8796,"href":"https:\/\/www.vortova.cz\/index.php?rest_route=\/wp\/v2\/pages\/562\/revisions\/8796"}],"wp:attachment":[{"href":"https:\/\/www.vortova.cz\/index.php?rest_route=%2Fwp%2Fv2%2Fmedia&parent=562"}],"curies":[{"name":"wp","href":"https:\/\/api.w.org\/{rel}","templated":true}]}}