{"id":573,"date":"2014-05-12T21:19:14","date_gmt":"2014-05-12T20:19:14","guid":{"rendered":"http:\/\/obecheralec.cz\/?page_id=573"},"modified":"2014-05-12T21:28:43","modified_gmt":"2014-05-12T20:28:43","slug":"devet-skal","status":"publish","type":"page","link":"https:\/\/www.vortova.cz\/?page_id=573","title":{"rendered":"Dev\u011bt Skal"},"content":{"rendered":"<p>DEV\u011aT SKAL (836 m n. m)<\/p>\n<p>Nejvy\u0161\u0161\u00ed bod \u017d\u010f\u00e1rsk\u00fdch vrch\u016f, druh\u00fd nejvy\u0161\u0161\u00ed \u010ceskomoravsk\u00e9 vrchoviny, 13km od \u017d\u010f\u00e1ru nad S\u00e1zavou. Skaln\u00ed labyrint tvo\u0159\u00ed 3 dlouh\u00e9 h\u0159ebeny s dev\u00edti v\u011b\u017eemi a t\u0159i mal\u00e9 v\u011b\u017eky. V\u00fd\u0161ka st\u011bn 5-15m. Dev\u011bt skal je chr\u00e1n\u011bn\u00fd p\u0159\u00edrodn\u00ed v\u00fdtvor, horolezeck\u00e1 \u010dinost zde nen\u00ed omezena. Koment\u00e1\u0159 : Dev\u011bt roztrou\u0161en\u00fdch skalek a na n\u011bkter\u00e9 vedou horolezeck\u00e9 cesty. Byl jsem tam jednou. 3 hodiny jsme popol\u00e9zali v p\u0159ev\u00edsku na Hlavn\u00ed blok. Je to asi 5 cest siln\u011b p\u0159evisl\u00fdch dlouh\u00fdch p\u0159ibli\u017en\u011b 6m, ale velmi vydatn\u00fdch. Ji\u0161t\u011bn\u00ed na Hlavn\u00edm bloku je asi po 2m, n\u00e1zev a obt\u00ed\u017enost jsou \u010diteln\u011b napsan\u00e9 na sk\u00e1le.<\/p>\n<p><a href=\"http:\/\/obecheralec.cz\/wp-content\/uploads\/2014\/05\/devet-skal.jpg\"><img loading=\"lazy\" decoding=\"async\" class=\"alignnone size-medium wp-image-574\" alt=\"devet-skal\" src=\"http:\/\/obecheralec.cz\/wp-content\/uploads\/2014\/05\/devet-skal-300x168.jpg\" width=\"300\" height=\"168\" \/><\/a><\/p>\n<p>&nbsp;<\/p>\n<p><iframe loading=\"lazy\" style=\"border: 0px currentColor;\" src=\"https:\/\/www.google.com\/maps\/embed?pb=!1m14!1m8!1m3!1d20651.580010129197!2d16.015485214337804!3d49.68354516430075!3m2!1i1024!2i768!4f13.1!3m3!1m2!1s0x470d98eab9d44ac9%3A0x745e5b68a2e30ff3!2sDev%C4%9Bt+skal!5e0!3m2!1scs!2scz!4v1399926479837\" height=\"450\" width=\"600\" frameborder=\"0\"><\/iframe><\/p>\n","protected":false},"excerpt":{"rendered":"<p>DEV\u011aT SKAL (836 m n. m) Nejvy\u0161\u0161\u00ed bod \u017d\u010f\u00e1rsk\u00fdch vrch\u016f, druh\u00fd nejvy\u0161\u0161\u00ed \u010ceskomoravsk\u00e9 vrchoviny, 13km od \u017d\u010f\u00e1ru nad S\u00e1zavou. Skaln\u00ed labyrint tvo\u0159\u00ed 3 dlouh\u00e9 h\u0159ebeny s dev\u00edti v\u011b\u017eemi a t\u0159i mal\u00e9 v\u011b\u017eky. V\u00fd\u0161ka st\u011bn 5-15m. Dev\u011bt skal je chr\u00e1n\u011bn\u00fd p\u0159\u00edrodn\u00ed v\u00fdtvor, horolezeck\u00e1 \u010dinost zde nen\u00ed omezena. Koment\u00e1\u0159 : Dev\u011bt roztrou\u0161en\u00fdch skalek a na n\u011bkter\u00e9 vedou [&hellip;]<\/p>\n","protected":false},"author":1,"featured_media":0,"parent":0,"menu_order":0,"comment_status":"closed","ping_status":"closed","template":"","meta":{"footnotes":""},"class_list":["post-573","page","type-page","status-publish","hentry"],"_links":{"self":[{"href":"https:\/\/www.vortova.cz\/index.php?rest_route=\/wp\/v2\/pages\/573","targetHints":{"allow":["GET"]}}],"collection":[{"href":"https:\/\/www.vortova.cz\/index.php?rest_route=\/wp\/v2\/pages"}],"about":[{"href":"https:\/\/www.vortova.cz\/index.php?rest_route=\/wp\/v2\/types\/page"}],"author":[{"embeddable":true,"href":"https:\/\/www.vortova.cz\/index.php?rest_route=\/wp\/v2\/users\/1"}],"replies":[{"embeddable":true,"href":"https:\/\/www.vortova.cz\/index.php?rest_route=%2Fwp%2Fv2%2Fcomments&post=573"}],"version-history":[{"count":3,"href":"https:\/\/www.vortova.cz\/index.php?rest_route=\/wp\/v2\/pages\/573\/revisions"}],"predecessor-version":[{"id":584,"href":"https:\/\/www.vortova.cz\/index.php?rest_route=\/wp\/v2\/pages\/573\/revisions\/584"}],"wp:attachment":[{"href":"https:\/\/www.vortova.cz\/index.php?rest_route=%2Fwp%2Fv2%2Fmedia&parent=573"}],"curies":[{"name":"wp","href":"https:\/\/api.w.org\/{rel}","templated":true}]}}