{"id":77,"date":"2014-02-10T21:42:54","date_gmt":"2014-02-10T20:42:54","guid":{"rendered":"http:\/\/obecheralec.cz\/?page_id=77"},"modified":"2020-12-10T08:14:07","modified_gmt":"2020-12-10T07:14:07","slug":"sport","status":"publish","type":"page","link":"https:\/\/www.vortova.cz\/?page_id=77","title":{"rendered":"Sport"},"content":{"rendered":"<p>P\u0159esto, \u017ee obec Vortov\u00e1 nem\u00e1 \u017e\u00e1dn\u00fd sportovn\u00ed ani rekrea\u010dn\u00ed are\u00e1l krom\u011b travnat\u00e9ho fotbalov\u00e9ho h\u0159i\u0161t\u011b, podm\u00ednky pro sport a rekreaci jsou zde velmi dobr\u00e9. U\u017e sama poloha obce v \u00fadol\u00ed u Vortovsk\u00e9ho potoka obklopena hlubok\u00fdmi lesy a je\u0161t\u011b um\u00edst\u011bna v Chr\u00e1n\u011bn\u00e9 krajinn\u00e9 oblasti \u017d\u010f\u00e1rsk\u00e9 vrchy zaru\u010duje kr\u00e1sn\u00e9 prost\u0159ed\u00ed, vhodn\u00e9 k vybo\u010den\u00ed z usp\u011bchan\u00e9ho stereotypu v\u0161edn\u00edch dn\u016f a na\u010derp\u00e1n\u00ed nov\u00fdch sil.<\/p>\n<p>Zvl\u00e1\u0161t\u011b vyhled\u00e1vanou se st\u00e1v\u00e1 Vortov\u00e1 a jej\u00ed okoln\u00ed lesy, kdy\u017e nastane houba\u0159sk\u00e1 sez\u00f3na. Ve Vortovsk\u00e9 kronice se p\u00ed\u0161e, \u017ee ji\u017e za prvn\u00ed republiky si m\u00edstn\u00ed lid\u00e9 p\u0159ivyd\u011bl\u00e1vali sb\u011brem hub, obzvl\u00e1\u0161t\u011b pr\u00fd byly dob\u0159e placen\u00e9 prav\u00e9 h\u0159\u00edbky.<\/p>\n<p>Dal\u0161\u00ed vhodn\u00e9 m\u00edsto k odpo\u010dinku je pobyt nebo koup\u00e1n\u00ed u jednoho ze t\u0159\u00ed rybn\u00edk\u016f, z nich\u017e jeden je zahrnut do ryb\u00e1\u0159sk\u00e9ho rev\u00edru sportovn\u00edch ryb\u00e1\u0159\u016f \u010cesk\u00e9ho ryb\u00e1\u0159sk\u00e9ho svazu (mimopstruhov\u00e1).<\/p>\n<p>Obzvl\u00e1\u0161t\u011b dobrou polohu m\u00e1 obec Vortov\u00e1 jako v\u00fdchoz\u00ed bod letn\u00edch turistick\u00fdch nebo zimn\u00edch ly\u017ea\u0159sk\u00fdch v\u00fdlet\u016f na nedalek\u00e9 nejvy\u0161\u0161\u00ed vrcholy \u017d\u010farsk\u00fdch vrch\u016f (\u017d\u00e1kova hory 7 km, Dev\u011bt skal 9 km, Tis\u016fvka 7 km). Dal\u0161\u00ed c\u00edle mohou b\u00fdt: Hamersk\u00e1 p\u0159ehrada 3 km, Velk\u00e9 D\u00e1\u0159ko 12 km, Kameni\u010dky 5 km, Svratka 10 km.<\/p>\n<p>Kdo d\u00e1v\u00e1 p\u0159ednost dnes modern\u00ed cykloturistice, m\u00e1 v okol\u00ed Vortov\u00e9 p\u0159\u00edmo ide\u00e1ln\u00ed podm\u00ednky \u2013 v\u011bt\u0161inou lesn\u00ed silni\u010dky s mal\u00fdm provozem a \u010dastou mo\u017enost\u00ed zastavit u n\u011bkter\u00e9ho z okoln\u00edch rybn\u00edk\u016f a osv\u011b\u017eit se p\u0159\u00edmo vyb\u00edz\u00ed ke krat\u0161\u00ed nebo del\u0161\u00ed proj\u00ed\u017e\u010fce. Krom\u011b toho p\u0159\u00edmo p\u0159es obec Vortov\u00e1 proch\u00e1z\u00ed d\u00e1lkov\u00e1 cyklotrasa \u201ePra\u017esk\u00e1 stezka\u201c vedouc\u00ed z Brna do Prahy a v nedalek\u00e9m Hlinsku se k\u0159\u00ed\u017e\u00ed s dal\u0161\u00ed d\u00e1lkovou cyklotrasou \u201e\u010cesko-Moravsk\u00e1 stezka\u201c vedouc\u00ed z Jesen\u00edku a\u017e do \u010cesk\u00fdch Bud\u011bjovic.<\/p>\n","protected":false},"excerpt":{"rendered":"<p>P\u0159esto, \u017ee obec Vortov\u00e1 nem\u00e1 \u017e\u00e1dn\u00fd sportovn\u00ed ani rekrea\u010dn\u00ed are\u00e1l krom\u011b travnat\u00e9ho fotbalov\u00e9ho h\u0159i\u0161t\u011b, podm\u00ednky pro sport a rekreaci jsou zde velmi dobr\u00e9. U\u017e sama poloha obce v \u00fadol\u00ed u Vortovsk\u00e9ho potoka obklopena hlubok\u00fdmi lesy a je\u0161t\u011b um\u00edst\u011bna v Chr\u00e1n\u011bn\u00e9 krajinn\u00e9 oblasti \u017d\u010f\u00e1rsk\u00e9 vrchy zaru\u010duje kr\u00e1sn\u00e9 prost\u0159ed\u00ed, vhodn\u00e9 k vybo\u010den\u00ed z usp\u011bchan\u00e9ho stereotypu v\u0161edn\u00edch dn\u016f [&hellip;]<\/p>\n","protected":false},"author":1,"featured_media":0,"parent":0,"menu_order":0,"comment_status":"closed","ping_status":"closed","template":"","meta":{"footnotes":""},"class_list":["post-77","page","type-page","status-publish","hentry"],"_links":{"self":[{"href":"https:\/\/www.vortova.cz\/index.php?rest_route=\/wp\/v2\/pages\/77","targetHints":{"allow":["GET"]}}],"collection":[{"href":"https:\/\/www.vortova.cz\/index.php?rest_route=\/wp\/v2\/pages"}],"about":[{"href":"https:\/\/www.vortova.cz\/index.php?rest_route=\/wp\/v2\/types\/page"}],"author":[{"embeddable":true,"href":"https:\/\/www.vortova.cz\/index.php?rest_route=\/wp\/v2\/users\/1"}],"replies":[{"embeddable":true,"href":"https:\/\/www.vortova.cz\/index.php?rest_route=%2Fwp%2Fv2%2Fcomments&post=77"}],"version-history":[{"count":15,"href":"https:\/\/www.vortova.cz\/index.php?rest_route=\/wp\/v2\/pages\/77\/revisions"}],"predecessor-version":[{"id":8630,"href":"https:\/\/www.vortova.cz\/index.php?rest_route=\/wp\/v2\/pages\/77\/revisions\/8630"}],"wp:attachment":[{"href":"https:\/\/www.vortova.cz\/index.php?rest_route=%2Fwp%2Fv2%2Fmedia&parent=77"}],"curies":[{"name":"wp","href":"https:\/\/api.w.org\/{rel}","templated":true}]}}