{"id":8,"date":"2014-02-10T17:38:57","date_gmt":"2014-02-10T16:38:57","guid":{"rendered":"http:\/\/obecheralec.cz\/?page_id=8"},"modified":"2023-01-19T21:11:44","modified_gmt":"2023-01-19T20:11:44","slug":"zastupitelstvo-obce","status":"publish","type":"page","link":"https:\/\/www.vortova.cz\/?page_id=8","title":{"rendered":"Obecn\u00ed \u00fa\u0159ad"},"content":{"rendered":"<table style=\"width: 549px; height: 430px;\">\n<tbody>\n<tr style=\"height: 24px;\">\n<td style=\"width: 141px; height: 24px;\">Ofici\u00e1ln\u00ed n\u00e1zev<\/td>\n<td style=\"width: 400px; height: 24px;\">Obec Vortov\u00e1<\/td>\n<\/tr>\n<tr style=\"height: 24px;\">\n<td style=\"width: 141px; height: 24px;\">P\u0159idru\u017een\u00e9 \u010d\u00e1sti<\/td>\n<td style=\"width: 400px; height: 24px;\">\u00a0Vortov\u00e1, Lhoty<\/td>\n<\/tr>\n<tr style=\"height: 24px;\">\n<td style=\"width: 141px; height: 24px;\">Adresa<\/td>\n<td style=\"width: 400px; height: 24px;\">Vortov\u00e1 95, 539 61<\/td>\n<\/tr>\n<tr style=\"height: 180px;\">\n<td style=\"width: 141px; height: 180px;\">Telefon:<\/td>\n<td style=\"width: 400px; height: 180px;\">\n<p>602 979 714 &#8211; starostka obce Mgr. Mark\u00e9ta La\u0161t\u016fvkov\u00e1<\/p>\n<p>723 384511 &#8211; m\u00edstostarostka obce Ivana Nov\u00e1kov\u00e1<\/p>\n<p>723 214 011 &#8211; \u00fa\u010detn\u00ed obce Ing. Hana Va\u0161kov\u00e1<\/td>\n<\/tr>\n<tr style=\"height: 24px;\">\n<td style=\"width: 141px; height: 24px;\">E-mail<\/td>\n<td style=\"width: 400px; height: 24px;\">ou@vortova.cz<\/td>\n<\/tr>\n<tr style=\"height: 24px;\">\n<td style=\"width: 141px; height: 24px;\">I\u010cO:<\/td>\n<td style=\"width: 400px; height: 24px;\">00271187<\/td>\n<\/tr>\n<tr style=\"height: 24px;\">\n<td style=\"width: 141px; height: 24px;\">\u010c\u00edslo \u00fa\u010dtu:<\/td>\n<td style=\"width: 400px; height: 24px;\">\u00a0123-3162710287\/0100<\/td>\n<\/tr>\n<tr style=\"height: 10px;\">\n<td style=\"width: 141px; height: 10px;\">Datov\u00e1 schr\u00e1nka:<\/td>\n<td style=\"width: 400px; height: 10px;\">gi7byus<\/td>\n<\/tr>\n<tr style=\"height: 24px;\">\n<td style=\"width: 141px; height: 24px;\">\u00da\u0159edn\u00ed hodiny:<\/td>\n<td style=\"width: 400px; height: 24px;\">\u010ctvrtek\u00a0 18.00 &#8211; 20.00 hod.<\/td>\n<\/tr>\n<tr style=\"height: 24px;\">\n<td style=\"width: 141px; height: 24px;\">Ve\u0159ejn\u00e9 zased\u00e1n\u00ed zastupitelstva:<\/td>\n<td style=\"width: 400px; height: 24px;\">Ka\u017ed\u00fd 1. \u010dtvrtek v m\u011bs\u00edci od 18.00 hod.<\/td>\n<\/tr>\n<tr style=\"height: 24px;\">\n<td style=\"width: 141px; height: 24px;\"><\/td>\n<td style=\"width: 400px; height: 24px;\"><\/td>\n<\/tr>\n<tr style=\"height: 24px;\">\n<td style=\"width: 141px; height: 24px;\"><\/td>\n<td style=\"width: 400px; height: 24px;\"><\/td>\n<\/tr>\n<\/tbody>\n<\/table>\n<p>Statistick\u00e9 \u00fadaje<br \/>\nPo\u010det \u010d\u00e1st\u00ed: 2<br \/>\nKatastr\u00e1ln\u00ed v\u00fdm\u011bra 1214 ha<br \/>\nNadmo\u0159sk\u00e1 v\u00fd\u0161ka: obec Vortov\u00e1 612 m, osada Lhoty 667 m<br \/>\nPo\u010det obyvatel: 242<br \/>\nPr\u016fm\u011brn\u00fd v\u011bk: 44,88<br \/>\nPo\u0161ta: ano<br \/>\nZdravotnick\u00e9 za\u0159\u00edzen\u00ed: ne<br \/>\nPolicie: ne<br \/>\n\u0160kola: ne<br \/>\nVodovod: ne<br \/>\nPlynofikace: ano, z\u0159\u00edzena v roce 2001<br \/>\nKanalizace (\u010cOV): ano od 11\/2012<\/p>\n","protected":false},"excerpt":{"rendered":"<p>Ofici\u00e1ln\u00ed n\u00e1zev Obec Vortov\u00e1 P\u0159idru\u017een\u00e9 \u010d\u00e1sti \u00a0Vortov\u00e1, Lhoty Adresa Vortov\u00e1 95, 539 61 Telefon: 602 979 714 &#8211; starostka obce Mgr. Mark\u00e9ta La\u0161t\u016fvkov\u00e1 723 384511 &#8211; m\u00edstostarostka obce Ivana Nov\u00e1kov\u00e1 723 214 011 &#8211; \u00fa\u010detn\u00ed obce Ing. Hana Va\u0161kov\u00e1 E-mail ou@vortova.cz I\u010cO: 00271187 \u010c\u00edslo \u00fa\u010dtu: \u00a0123-3162710287\/0100 Datov\u00e1 schr\u00e1nka: gi7byus \u00da\u0159edn\u00ed hodiny: \u010ctvrtek\u00a0 18.00 &#8211; 20.00 [&hellip;]<\/p>\n","protected":false},"author":1,"featured_media":0,"parent":0,"menu_order":0,"comment_status":"closed","ping_status":"open","template":"","meta":{"footnotes":""},"class_list":["post-8","page","type-page","status-publish","hentry"],"_links":{"self":[{"href":"https:\/\/www.vortova.cz\/index.php?rest_route=\/wp\/v2\/pages\/8","targetHints":{"allow":["GET"]}}],"collection":[{"href":"https:\/\/www.vortova.cz\/index.php?rest_route=\/wp\/v2\/pages"}],"about":[{"href":"https:\/\/www.vortova.cz\/index.php?rest_route=\/wp\/v2\/types\/page"}],"author":[{"embeddable":true,"href":"https:\/\/www.vortova.cz\/index.php?rest_route=\/wp\/v2\/users\/1"}],"replies":[{"embeddable":true,"href":"https:\/\/www.vortova.cz\/index.php?rest_route=%2Fwp%2Fv2%2Fcomments&post=8"}],"version-history":[{"count":35,"href":"https:\/\/www.vortova.cz\/index.php?rest_route=\/wp\/v2\/pages\/8\/revisions"}],"predecessor-version":[{"id":9964,"href":"https:\/\/www.vortova.cz\/index.php?rest_route=\/wp\/v2\/pages\/8\/revisions\/9964"}],"wp:attachment":[{"href":"https:\/\/www.vortova.cz\/index.php?rest_route=%2Fwp%2Fv2%2Fmedia&parent=8"}],"curies":[{"name":"wp","href":"https:\/\/api.w.org\/{rel}","templated":true}]}}