{"id":8765,"date":"2020-12-29T21:33:22","date_gmt":"2020-12-29T20:33:22","guid":{"rendered":"http:\/\/www.vortova.cz\/?page_id=8765"},"modified":"2020-12-29T21:56:52","modified_gmt":"2020-12-29T20:56:52","slug":"mikroregion-hlinecko","status":"publish","type":"page","link":"https:\/\/www.vortova.cz\/?page_id=8765","title":{"rendered":"Mikroregion Hlinecko"},"content":{"rendered":"<p><a href=\"http:\/\/www.hlineckoregion.cz\/articles.php?cat_id=6\">Sdru\u017een\u00ed obc\u00ed mikroregionu Hlinecko (hlineckoregion.cz)<\/a><\/p>\n","protected":false},"excerpt":{"rendered":"<p>Sdru\u017een\u00ed obc\u00ed mikroregionu Hlinecko (hlineckoregion.cz)<\/p>\n","protected":false},"author":9,"featured_media":0,"parent":0,"menu_order":0,"comment_status":"closed","ping_status":"closed","template":"","meta":{"footnotes":""},"class_list":["post-8765","page","type-page","status-publish","hentry"],"_links":{"self":[{"href":"https:\/\/www.vortova.cz\/index.php?rest_route=\/wp\/v2\/pages\/8765","targetHints":{"allow":["GET"]}}],"collection":[{"href":"https:\/\/www.vortova.cz\/index.php?rest_route=\/wp\/v2\/pages"}],"about":[{"href":"https:\/\/www.vortova.cz\/index.php?rest_route=\/wp\/v2\/types\/page"}],"author":[{"embeddable":true,"href":"https:\/\/www.vortova.cz\/index.php?rest_route=\/wp\/v2\/users\/9"}],"replies":[{"embeddable":true,"href":"https:\/\/www.vortova.cz\/index.php?rest_route=%2Fwp%2Fv2%2Fcomments&post=8765"}],"version-history":[{"count":2,"href":"https:\/\/www.vortova.cz\/index.php?rest_route=\/wp\/v2\/pages\/8765\/revisions"}],"predecessor-version":[{"id":8786,"href":"https:\/\/www.vortova.cz\/index.php?rest_route=\/wp\/v2\/pages\/8765\/revisions\/8786"}],"wp:attachment":[{"href":"https:\/\/www.vortova.cz\/index.php?rest_route=%2Fwp%2Fv2%2Fmedia&parent=8765"}],"curies":[{"name":"wp","href":"https:\/\/api.w.org\/{rel}","templated":true}]}}